{"id":1616,"date":"2024-06-06T16:42:26","date_gmt":"2024-06-06T16:42:26","guid":{"rendered":"https:\/\/showroomprivegroup.com\/?page_id=1616"},"modified":"2024-06-06T16:44:38","modified_gmt":"2024-06-06T16:44:38","slug":"talents","status":"publish","type":"page","link":"https:\/\/showroomprivegroup.com\/en\/talents\/","title":{"rendered":"Talents"},"content":{"rendered":"","protected":false},"excerpt":{"rendered":"","protected":false},"author":1,"featured_media":1598,"parent":0,"menu_order":0,"comment_status":"closed","ping_status":"closed","template":"page-templates\/page-carrier.php","meta":{"_acf_changed":false,"footnotes":""},"class_list":["post-1616","page","type-page","status-publish","has-post-thumbnail","hentry"],"acf":[],"yoast_head":"<!-- This site is optimized with the Yoast SEO plugin v23.0 - https:\/\/yoast.com\/wordpress\/plugins\/seo\/ -->\n<title>Talents - Showroompriv\u00e9 Group<\/title>\n<meta name=\"description\" content=\"Le Groupe Showroompriv\u00e9 est un acteur majeur de la vente en ligne mode et beaut\u00e9. Compos\u00e9 de 6 entit\u00e9s aux expertises compl\u00e9mentaires, il compte 25 millions de clients et plus de 3000 marques partenaires.\" \/>\n<meta name=\"robots\" content=\"index, follow, max-snippet:-1, max-image-preview:large, max-video-preview:-1\" \/>\n<link rel=\"canonical\" href=\"https:\/\/showroomprivegroup.com\/talents\/\" \/>\n<meta property=\"og:locale\" content=\"en_US\" \/>\n<meta property=\"og:type\" content=\"article\" \/>\n<meta property=\"og:title\" content=\"Talents - Showroompriv\u00e9 Group\" \/>\n<meta property=\"og:description\" content=\"Le Groupe Showroompriv\u00e9 est un acteur majeur de la vente en ligne mode et beaut\u00e9. Compos\u00e9 de 6 entit\u00e9s aux expertises compl\u00e9mentaires, il compte 25 millions de clients et plus de 3000 marques partenaires.\" \/>\n<meta property=\"og:url\" content=\"https:\/\/showroomprivegroup.com\/talents\/\" \/>\n<meta property=\"og:site_name\" content=\"Showroompriv\u00e9 Group\" \/>\n<meta property=\"article:modified_time\" content=\"2024-06-06T16:44:38+00:00\" \/>\n<meta property=\"og:image\" content=\"https:\/\/showroomprivegroup.com\/wp-content\/uploads\/2024\/06\/headre-page-talent.jpg\" \/>\n\t<meta property=\"og:image:width\" content=\"2000\" \/>\n\t<meta property=\"og:image:height\" content=\"1328\" \/>\n\t<meta property=\"og:image:type\" content=\"image\/jpeg\" \/>\n<meta name=\"twitter:card\" content=\"summary_large_image\" \/>\n<meta name=\"twitter:label1\" content=\"Est. reading time\" \/>\n\t<meta name=\"twitter:data1\" content=\"1 minute\" \/>\n<script type=\"application\/ld+json\" class=\"yoast-schema-graph\">{\"@context\":\"https:\/\/schema.org\",\"@graph\":[{\"@type\":\"WebPage\",\"@id\":\"https:\/\/showroomprivegroup.com\/talents\/\",\"url\":\"https:\/\/showroomprivegroup.com\/talents\/\",\"name\":\"Talents - Showroompriv\u00e9 Group\",\"isPartOf\":{\"@id\":\"https:\/\/showroomprivegroup.com\/#website\"},\"primaryImageOfPage\":{\"@id\":\"https:\/\/showroomprivegroup.com\/talents\/#primaryimage\"},\"image\":{\"@id\":\"https:\/\/showroomprivegroup.com\/talents\/#primaryimage\"},\"thumbnailUrl\":\"https:\/\/showroomprivegroup.com\/wp-content\/uploads\/2024\/06\/headre-page-talent.jpg\",\"datePublished\":\"2024-06-06T16:42:26+00:00\",\"dateModified\":\"2024-06-06T16:44:38+00:00\",\"description\":\"Le Groupe Showroompriv\u00e9 est un acteur majeur de la vente en ligne mode et beaut\u00e9. Compos\u00e9 de 6 entit\u00e9s aux expertises compl\u00e9mentaires, il compte 25 millions de clients et plus de 3000 marques partenaires.\",\"breadcrumb\":{\"@id\":\"https:\/\/showroomprivegroup.com\/talents\/#breadcrumb\"},\"inLanguage\":\"en-US\",\"potentialAction\":[{\"@type\":\"ReadAction\",\"target\":[\"https:\/\/showroomprivegroup.com\/talents\/\"]}]},{\"@type\":\"ImageObject\",\"inLanguage\":\"en-US\",\"@id\":\"https:\/\/showroomprivegroup.com\/talents\/#primaryimage\",\"url\":\"https:\/\/showroomprivegroup.com\/wp-content\/uploads\/2024\/06\/headre-page-talent.jpg\",\"contentUrl\":\"https:\/\/showroomprivegroup.com\/wp-content\/uploads\/2024\/06\/headre-page-talent.jpg\",\"width\":2000,\"height\":1328},{\"@type\":\"BreadcrumbList\",\"@id\":\"https:\/\/showroomprivegroup.com\/talents\/#breadcrumb\",\"itemListElement\":[{\"@type\":\"ListItem\",\"position\":1,\"name\":\"Home\",\"item\":\"https:\/\/showroomprivegroup.com\/en\/\"},{\"@type\":\"ListItem\",\"position\":2,\"name\":\"Talents\"}]},{\"@type\":\"WebSite\",\"@id\":\"https:\/\/showroomprivegroup.com\/#website\",\"url\":\"https:\/\/showroomprivegroup.com\/\",\"name\":\"Showroompriv\u00e9 Group\",\"description\":\"\",\"potentialAction\":[{\"@type\":\"SearchAction\",\"target\":{\"@type\":\"EntryPoint\",\"urlTemplate\":\"https:\/\/showroomprivegroup.com\/?s={search_term_string}\"},\"query-input\":\"required name=search_term_string\"}],\"inLanguage\":\"en-US\"}]}<\/script>\n<!-- \/ Yoast SEO plugin. -->","yoast_head_json":{"title":"Talents - Showroompriv\u00e9 Group","description":"Le Groupe Showroompriv\u00e9 est un acteur majeur de la vente en ligne mode et beaut\u00e9. Compos\u00e9 de 6 entit\u00e9s aux expertises compl\u00e9mentaires, il compte 25 millions de clients et plus de 3000 marques partenaires.","robots":{"index":"index","follow":"follow","max-snippet":"max-snippet:-1","max-image-preview":"max-image-preview:large","max-video-preview":"max-video-preview:-1"},"canonical":"https:\/\/showroomprivegroup.com\/talents\/","og_locale":"en_US","og_type":"article","og_title":"Talents - Showroompriv\u00e9 Group","og_description":"Le Groupe Showroompriv\u00e9 est un acteur majeur de la vente en ligne mode et beaut\u00e9. Compos\u00e9 de 6 entit\u00e9s aux expertises compl\u00e9mentaires, il compte 25 millions de clients et plus de 3000 marques partenaires.","og_url":"https:\/\/showroomprivegroup.com\/talents\/","og_site_name":"Showroompriv\u00e9 Group","article_modified_time":"2024-06-06T16:44:38+00:00","og_image":[{"width":2000,"height":1328,"url":"https:\/\/showroomprivegroup.com\/wp-content\/uploads\/2024\/06\/headre-page-talent.jpg","type":"image\/jpeg"}],"twitter_card":"summary_large_image","twitter_misc":{"Est. reading time":"1 minute"},"schema":{"@context":"https:\/\/schema.org","@graph":[{"@type":"WebPage","@id":"https:\/\/showroomprivegroup.com\/talents\/","url":"https:\/\/showroomprivegroup.com\/talents\/","name":"Talents - Showroompriv\u00e9 Group","isPartOf":{"@id":"https:\/\/showroomprivegroup.com\/#website"},"primaryImageOfPage":{"@id":"https:\/\/showroomprivegroup.com\/talents\/#primaryimage"},"image":{"@id":"https:\/\/showroomprivegroup.com\/talents\/#primaryimage"},"thumbnailUrl":"https:\/\/showroomprivegroup.com\/wp-content\/uploads\/2024\/06\/headre-page-talent.jpg","datePublished":"2024-06-06T16:42:26+00:00","dateModified":"2024-06-06T16:44:38+00:00","description":"Le Groupe Showroompriv\u00e9 est un acteur majeur de la vente en ligne mode et beaut\u00e9. Compos\u00e9 de 6 entit\u00e9s aux expertises compl\u00e9mentaires, il compte 25 millions de clients et plus de 3000 marques partenaires.","breadcrumb":{"@id":"https:\/\/showroomprivegroup.com\/talents\/#breadcrumb"},"inLanguage":"en-US","potentialAction":[{"@type":"ReadAction","target":["https:\/\/showroomprivegroup.com\/talents\/"]}]},{"@type":"ImageObject","inLanguage":"en-US","@id":"https:\/\/showroomprivegroup.com\/talents\/#primaryimage","url":"https:\/\/showroomprivegroup.com\/wp-content\/uploads\/2024\/06\/headre-page-talent.jpg","contentUrl":"https:\/\/showroomprivegroup.com\/wp-content\/uploads\/2024\/06\/headre-page-talent.jpg","width":2000,"height":1328},{"@type":"BreadcrumbList","@id":"https:\/\/showroomprivegroup.com\/talents\/#breadcrumb","itemListElement":[{"@type":"ListItem","position":1,"name":"Home","item":"https:\/\/showroomprivegroup.com\/en\/"},{"@type":"ListItem","position":2,"name":"Talents"}]},{"@type":"WebSite","@id":"https:\/\/showroomprivegroup.com\/#website","url":"https:\/\/showroomprivegroup.com\/","name":"Showroompriv\u00e9 Group","description":"","potentialAction":[{"@type":"SearchAction","target":{"@type":"EntryPoint","urlTemplate":"https:\/\/showroomprivegroup.com\/?s={search_term_string}"},"query-input":"required name=search_term_string"}],"inLanguage":"en-US"}]}},"_links":{"self":[{"href":"https:\/\/showroomprivegroup.com\/en\/wp-json\/wp\/v2\/pages\/1616","targetHints":{"allow":["GET"]}}],"collection":[{"href":"https:\/\/showroomprivegroup.com\/en\/wp-json\/wp\/v2\/pages"}],"about":[{"href":"https:\/\/showroomprivegroup.com\/en\/wp-json\/wp\/v2\/types\/page"}],"author":[{"embeddable":true,"href":"https:\/\/showroomprivegroup.com\/en\/wp-json\/wp\/v2\/users\/1"}],"replies":[{"embeddable":true,"href":"https:\/\/showroomprivegroup.com\/en\/wp-json\/wp\/v2\/comments?post=1616"}],"version-history":[{"count":0,"href":"https:\/\/showroomprivegroup.com\/en\/wp-json\/wp\/v2\/pages\/1616\/revisions"}],"wp:featuredmedia":[{"embeddable":true,"href":"https:\/\/showroomprivegroup.com\/en\/wp-json\/wp\/v2\/media\/1598"}],"wp:attachment":[{"href":"https:\/\/showroomprivegroup.com\/en\/wp-json\/wp\/v2\/media?parent=1616"}],"curies":[{"name":"wp","href":"https:\/\/api.w.org\/{rel}","templated":true}]}}